{"id":3053,"date":"2020-02-29T12:44:36","date_gmt":"2020-02-29T12:44:36","guid":{"rendered":"http:\/\/www.ligacavaloscorrida.pt\/?page_id=3053"},"modified":"2023-08-31T09:56:15","modified_gmt":"2023-08-31T09:56:15","slug":"regulamento","status":"publish","type":"page","link":"https:\/\/www.ligacavaloscorrida.pt\/?page_id=3053","title":{"rendered":"Regulamento"},"content":{"rendered":"[vc_row][vc_column][vc_column_text][\/vc_column_text][\/vc_column][\/vc_row][vc_row][vc_column][vc_column_text][\/vc_column_text][\/vc_column][\/vc_row][vc_row][vc_column width=&#8221;1\/2&#8243;][vc_message icon_type=&#8221;pixelicons&#8221; icon_pixelicons=&#8221;vc_pixel_icon vc_pixel_icon-arrow&#8221;]<a href=\"https:\/\/www.ligacavaloscorrida.pt\/wp-content\/uploads\/2022\/10\/LPTG_Regulamento-Geral-de-Provas_OUT2022.pdf\">Regulamento Geral de Provas<\/a><br \/>\n<a href=\"https:\/\/www.ligacavaloscorrida.pt\/wp-content\/uploads\/2022\/10\/LPTG_Aditamento_RGP_OUT2022.pdf\">Regulamento Geral de Provas &#8211; Aditamento<\/a><br \/>\n<a href=\"https:\/\/www.ligacavaloscorrida.pt\/wp-content\/uploads\/2022\/08\/CorridasPoneis.pdf\">Regulamento Geral de Provas &#8211; P\u00f3neis<\/a>[\/vc_message][vc_message icon_type=&#8221;pixelicons&#8221; icon_pixelicons=&#8221;vc_pixel_icon vc_pixel_icon-arrow&#8221;]<a href=\"https:\/\/www.ligacavaloscorrida.pt\/wp-content\/uploads\/2022\/10\/LPTG_CodigoConduta_2022.pdf\">C\u00f3digo de Conduta<\/a>[\/vc_message][vc_message icon_type=&#8221;pixelicons&#8221; icon_pixelicons=&#8221;vc_pixel_icon vc_pixel_icon-arrow&#8221;]<a href=\"https:\/\/www.ligacavaloscorrida.pt\/wp-content\/uploads\/2022\/10\/DL64_2000_BemEstarAnimal.pdf\">Bem Estar Animal &#8211; DL.n\u00ba. 64\/2000<\/a><br \/>\n<a href=\"https:\/\/www.ligacavaloscorrida.pt\/wp-content\/uploads\/2022\/10\/DL155_2008_BemEstarAnimal.pdf\">Bem Estar Animal &#8211; DL.n\u00ba. 155\/2008<\/a>[\/vc_message][vc_message icon_type=&#8221;pixelicons&#8221; icon_pixelicons=&#8221;vc_pixel_icon vc_pixel_icon-arrow&#8221;]<a href=\"https:\/\/www.ligacavaloscorrida.pt\/wp-content\/uploads\/2022\/10\/Regul_Antidoping_2022.pdf\">Regulamento anti-doping 2022<\/a>[\/vc_message][\/vc_column][vc_column width=&#8221;1\/2&#8243;][vc_message icon_type=&#8221;pixelicons&#8221; icon_pixelicons=&#8221;vc_pixel_icon vc_pixel_icon-arrow&#8221;]<a href=\"https:\/\/www.ligacavaloscorrida.pt\/wp-content\/uploads\/2023\/08\/Condicoes-de-Acesso-ao-Grande-Premio-de-Portugal_2023.pdf\">Informa\u00e7\u00e3o GP &#8211; Ta\u00e7a Portugal<\/a>[\/vc_message][vc_message icon_type=&#8221;pixelicons&#8221; icon_pixelicons=&#8221;vc_pixel_icon vc_pixel_icon-arrow&#8221;]<a href=\"https:\/\/www.ligacavaloscorrida.pt\/wp-content\/uploads\/2022\/10\/CONDICOES-E-TABELA-PARA-INSCRICOES.pdf\">Condi\u00e7\u00f5es e Tabela para inscri\u00e7\u00f5es<\/a>[\/vc_message][vc_message icon_type=&#8221;pixelicons&#8221; icon_pixelicons=&#8221;vc_pixel_icon vc_pixel_icon-arrow&#8221;]<a href=\"https:\/\/www.ligacavaloscorrida.pt\/wp-content\/uploads\/2022\/10\/Tabela-de-Precos.pdf\">Tabela de Pre\u00e7os<\/a>[\/vc_message][\/vc_column][\/vc_row]\n","protected":false},"excerpt":{"rendered":"<p>[vc_row][vc_column][vc_column_text][\/vc_column_text][\/vc_column][\/vc_row][vc_row][vc_column][vc_column_text][\/vc_column_text][\/vc_column][\/vc_row][vc_row][vc_column width=&#8221;1\/2&#8243;][vc_message icon_type=&#8221;pixelicons&#8221; icon_pixelicons=&#8221;vc_pixel_icon vc_pixel_icon-arrow&#8221;]Regulamento Geral de Provas Regulamento Geral de Provas &#8211; Aditamento Regulamento Geral de Provas &#8211; P\u00f3neis[\/vc_message][vc_message icon_type=&#8221;pixelicons&#8221; icon_pixelicons=&#8221;vc_pixel_icon vc_pixel_icon-arrow&#8221;]C\u00f3digo de Conduta[\/vc_message][vc_message icon_type=&#8221;pixelicons&#8221; icon_pixelicons=&#8221;vc_pixel_icon vc_pixel_icon-arrow&#8221;]Bem Estar Animal &#8211; DL.n\u00ba. 64\/2000 Bem Estar Animal &#8211; DL.n\u00ba. 155\/2008[\/vc_message][vc_message icon_type=&#8221;pixelicons&#8221; icon_pixelicons=&#8221;vc_pixel_icon vc_pixel_icon-arrow&#8221;]Regulamento anti-doping 2022[\/vc_message][\/vc_column][vc_column width=&#8221;1\/2&#8243;][vc_message icon_type=&#8221;pixelicons&#8221; icon_pixelicons=&#8221;vc_pixel_icon vc_pixel_icon-arrow&#8221;]Informa\u00e7\u00e3o GP &#8211; Ta\u00e7a Portugal[\/vc_message][vc_message icon_type=&#8221;pixelicons&#8221; icon_pixelicons=&#8221;vc_pixel_icon vc_pixel_icon-arrow&#8221;]Condi\u00e7\u00f5es e Tabela para inscri\u00e7\u00f5es[\/vc_message][vc_message icon_type=&#8221;pixelicons&#8221; [&hellip;] <a class=\"continue-reading h6 color-primary\" href=\"https:\/\/www.ligacavaloscorrida.pt\/?page_id=3053\"><i class=\"fa fa-fw fa-angle-double-right \"><\/i>Continue Reading<\/a><\/p>\n","protected":false},"author":1,"featured_media":0,"parent":3417,"menu_order":2,"comment_status":"closed","ping_status":"closed","template":"","meta":{"footnotes":""},"class_list":["post-3053","page","type-page","status-publish","hentry"],"_links":{"self":[{"href":"https:\/\/www.ligacavaloscorrida.pt\/index.php?rest_route=\/wp\/v2\/pages\/3053","targetHints":{"allow":["GET"]}}],"collection":[{"href":"https:\/\/www.ligacavaloscorrida.pt\/index.php?rest_route=\/wp\/v2\/pages"}],"about":[{"href":"https:\/\/www.ligacavaloscorrida.pt\/index.php?rest_route=\/wp\/v2\/types\/page"}],"author":[{"embeddable":true,"href":"https:\/\/www.ligacavaloscorrida.pt\/index.php?rest_route=\/wp\/v2\/users\/1"}],"replies":[{"embeddable":true,"href":"https:\/\/www.ligacavaloscorrida.pt\/index.php?rest_route=%2Fwp%2Fv2%2Fcomments&post=3053"}],"version-history":[{"count":20,"href":"https:\/\/www.ligacavaloscorrida.pt\/index.php?rest_route=\/wp\/v2\/pages\/3053\/revisions"}],"predecessor-version":[{"id":4034,"href":"https:\/\/www.ligacavaloscorrida.pt\/index.php?rest_route=\/wp\/v2\/pages\/3053\/revisions\/4034"}],"up":[{"embeddable":true,"href":"https:\/\/www.ligacavaloscorrida.pt\/index.php?rest_route=\/wp\/v2\/pages\/3417"}],"wp:attachment":[{"href":"https:\/\/www.ligacavaloscorrida.pt\/index.php?rest_route=%2Fwp%2Fv2%2Fmedia&parent=3053"}],"curies":[{"name":"wp","href":"https:\/\/api.w.org\/{rel}","templated":true}]}}