{"id":2170,"date":"2013-07-06T08:27:55","date_gmt":"2013-07-06T08:27:55","guid":{"rendered":"http:\/\/curlydemo.staging.wpengine.com\/equestrian-v2\/?page_id=5"},"modified":"2026-02-05T17:01:57","modified_gmt":"2026-02-05T17:01:57","slug":"sobre","status":"publish","type":"page","link":"https:\/\/www.ligacavaloscorrida.pt\/?page_id=2170","title":{"rendered":"Sobre N\u00f3s"},"content":{"rendered":"[vc_row][vc_column width=&#8221;5\/12&#8243;][vc_column_text]\n<h3 class=\"special-title\">Sobre n\u00f3s<\/h3>\n<div class=\"lead  different\"><\/div>\n<div class=\"art-postcontent clearfix\">\n<div class=\"category-desc\">\n<p>A\u00a0<strong>Liga Portuguesa de Criadores e Propriet\u00e1rios de Cavalos de Corrida<\/strong>\u00a0foi fundada em 1997, por alguns dos nomes mais sonantes da modalidade em Portugal, sendo a herdeira natural de todas as associa\u00e7\u00f5es que at\u00e9 a\u00ed se dedicaram \u00e0s corridas de cavalos.<\/p>\n<p>A Liga tem como objetivos priorit\u00e1rios o desenvolvimento das corridas de cavalos em Portugal e a contribui\u00e7\u00e3o para a introdu\u00e7\u00e3o das apostas m\u00fatuas h\u00edpicas urbanas a n\u00edvel nacional, colaborando nesse sentido com o Governo.<\/p>\n<p>A Liga \u00e9 ainda a respons\u00e1vel pela organiza\u00e7\u00e3o do\u00a0<strong>Campeonato Nacional de Corridas de Cavalos a Trote e Galope<\/strong> que s\u00e3o as provas mais importante do g\u00e9nero que se realiza em Portugal.<\/p>\n<p>Com uma grande experi\u00eancia e um consider\u00e1vel\u00a0<em>know-how<\/em>\u00a0t\u00e9cnico, \u00e9 a \u00fanica associa\u00e7\u00e3o portuguesa a ser reconhecida oficialmente a n\u00edvel internacional e nacional como entidade organizadora de corridas de cavalos.<\/p>\n<\/div>\n<\/div>\n<p>&nbsp;<\/p>\n<div class=\"lead  default\"><\/div>[\/vc_column_text][\/vc_column][vc_column width=&#8221;1\/2&#8243; offset=&#8221;vc_col-sm-offset-1&#8243;][vc_single_image image=&#8221;2404&#8243; img_size=&#8221;full&#8221; alignment=&#8221;center&#8221;][vc_single_image image=&#8221;2388&#8243; img_size=&#8221;full&#8221;][\/vc_column][\/vc_row]\n","protected":false},"excerpt":{"rendered":"<p>[vc_row][vc_column width=&#8221;5\/12&#8243;][vc_column_text] Sobre n\u00f3s A\u00a0Liga Portuguesa de Criadores e Propriet\u00e1rios de Cavalos de Corrida\u00a0foi fundada em 1997, por alguns dos nomes mais sonantes da modalidade em Portugal, sendo a herdeira natural de todas as associa\u00e7\u00f5es que at\u00e9 a\u00ed se dedicaram \u00e0s corridas de cavalos. A Liga tem como objetivos priorit\u00e1rios o desenvolvimento das corridas de cavalos em Portugal e a [&hellip;] <a class=\"continue-reading h6 color-primary\" href=\"https:\/\/www.ligacavaloscorrida.pt\/?page_id=2170\"><i class=\"fa fa-fw fa-angle-double-right \"><\/i>Continue Reading<\/a><\/p>\n","protected":false},"author":1,"featured_media":2384,"parent":2790,"menu_order":99,"comment_status":"closed","ping_status":"closed","template":"","meta":{"footnotes":""},"class_list":["post-2170","page","type-page","status-publish","has-post-thumbnail","hentry"],"_links":{"self":[{"href":"https:\/\/www.ligacavaloscorrida.pt\/index.php?rest_route=\/wp\/v2\/pages\/2170","targetHints":{"allow":["GET"]}}],"collection":[{"href":"https:\/\/www.ligacavaloscorrida.pt\/index.php?rest_route=\/wp\/v2\/pages"}],"about":[{"href":"https:\/\/www.ligacavaloscorrida.pt\/index.php?rest_route=\/wp\/v2\/types\/page"}],"author":[{"embeddable":true,"href":"https:\/\/www.ligacavaloscorrida.pt\/index.php?rest_route=\/wp\/v2\/users\/1"}],"replies":[{"embeddable":true,"href":"https:\/\/www.ligacavaloscorrida.pt\/index.php?rest_route=%2Fwp%2Fv2%2Fcomments&post=2170"}],"version-history":[{"count":15,"href":"https:\/\/www.ligacavaloscorrida.pt\/index.php?rest_route=\/wp\/v2\/pages\/2170\/revisions"}],"predecessor-version":[{"id":4442,"href":"https:\/\/www.ligacavaloscorrida.pt\/index.php?rest_route=\/wp\/v2\/pages\/2170\/revisions\/4442"}],"up":[{"embeddable":true,"href":"https:\/\/www.ligacavaloscorrida.pt\/index.php?rest_route=\/wp\/v2\/pages\/2790"}],"wp:featuredmedia":[{"embeddable":true,"href":"https:\/\/www.ligacavaloscorrida.pt\/index.php?rest_route=\/wp\/v2\/media\/2384"}],"wp:attachment":[{"href":"https:\/\/www.ligacavaloscorrida.pt\/index.php?rest_route=%2Fwp%2Fv2%2Fmedia&parent=2170"}],"curies":[{"name":"wp","href":"https:\/\/api.w.org\/{rel}","templated":true}]}}