{"id":1928,"date":"2013-07-05T18:45:19","date_gmt":"2013-07-05T18:45:19","guid":{"rendered":"http:\/\/curlydemo.staging.wpengine.com\/equestrian-v2\/?page_id=2"},"modified":"2026-05-11T16:50:04","modified_gmt":"2026-05-11T16:50:04","slug":"home","status":"publish","type":"page","link":"https:\/\/www.ligacavaloscorrida.pt\/","title":{"rendered":"In\u00edcio"},"content":{"rendered":"[vc_row][vc_column]<div class=\"well\" >[vc_column_text]\n<h4 style=\"text-align: center;\"><strong>Calend\u00e1rio de Corridas 2026 <\/strong> <a href=\"https:\/\/www.ligacavaloscorrida.pt\/wp-content\/uploads\/2026\/03\/Calendario-2026.pdf\">Ver <\/a><\/h4>\n<h4 style=\"text-align: center;\"><strong>Programa de Corridas, Trote e Galope de Maio e Junho de 2026<\/strong> <a href=\"https:\/\/www.ligacavaloscorrida.pt\/wp-content\/uploads\/2026\/05\/Prog_Corr_05e06_2026.pdf\">Ver <\/a><\/h4>\n<p>&nbsp;<\/p>\n<h4 style=\"text-align: center;\"><strong>Condi\u00e7\u00f5es de acesso aos grandes pr\u00e9mios de 2026<\/strong> <a href=\"https:\/\/www.ligacavaloscorrida.pt\/wp-content\/uploads\/2026\/03\/Condicoes-de-Acesso-aos-Grandes-Premios-2026.pdf\">Ver <\/a><\/h4>\n<p>&nbsp;<\/p>\n<h4 style=\"text-align: center;\"><strong>Procedimentos administrativos para controlo e registo de cavalos 2026 <\/strong> <a href=\"https:\/\/www.ligacavaloscorrida.pt\/wp-content\/2026\/03\/Procedimento-de-Controlo-de-Cavalos_2026.pdf\">Ver <\/a><\/h4>\n<p>&nbsp;<\/p>\n<h4 style=\"text-align: center;\"><strong>Programa LETROT sales 2025<\/strong> <a href=\"https:\/\/www.ligacavaloscorrida.pt\/wp-content\/uploads\/2025\/10\/Programa-letrot-sales-2025.pdf\">Ver <\/a><\/h4>\n<p>&nbsp;<\/p>\n<h4 style=\"text-align: center;\"><strong>processo de inscri\u00e7\u00e3o de Equinos &#8211;\u00a0<\/strong> <a href=\"https:\/\/www.ligacavaloscorrida.pt\/wp-content\/uploads\/2024\/02\/procinsc.pdf\">Ver <\/a><\/h4>\n[\/vc_column_text]<\/div>[\/vc_column][\/vc_row][vc_row][vc_column][vc_message color=&#8221;info&#8221;]\n<h4><strong>Participantes com licen\u00e7a de Foreing &#8211; Jockey Club Espanhol &#8211;&nbsp;<\/strong> <a href=\"https:\/\/www.ligacavaloscorrida.pt\/wp-content\/uploads\/2020\/06\/participants-with-foreing-license.pdf\">Click aqui para abrir documento<\/a><\/h4>\n[\/vc_message][vc_column_text]\n<h1 style=\"text-align: center;\"><span style=\"color: red;\">Leia<\/span><\/h1>\n<p style=\"color: black;\"><strong>A Liga Portuguesa de Trote e Galope e o Studbook do PSI da Associa\u00e7\u00e3o Portuguesa de Criadores de Ra\u00e7as Selectas regem-se por acordos Nacionais e Internacionais das entidades EMHF, IFHAR, IFHA, ISBC e EASBC no qual os s\u00f3cios, propriet\u00e1rios que tenham d\u00edvida a uma ou \u00e0 outra entidade (LPTG, Studbook PSI\/APCRS) ser\u00e1 comunicado \u00e1s mesmas e ser\u00e3o bloqueados (tamb\u00e9m todos os cavalos pertencentes a estes s\u00f3cios\/propriet\u00e1rios) at\u00e9 regulariza\u00e7\u00e3o com a, ou as referidas associa\u00e7\u00f5es.<\/strong><\/p>\n[\/vc_column_text][\/vc_column][\/vc_row][vc_row][vc_column width=&#8221;1\/4&#8243;][vc_single_image image=&#8221;2385&#8243; img_size=&#8221;width:400px; height:300px;&#8221; alignment=&#8221;center&#8221;][\/vc_column][vc_column width=&#8221;1\/4&#8243;][vc_single_image image=&#8221;2395&#8243; img_size=&#8221;width:400px; height:300px;&#8221; alignment=&#8221;center&#8221;][\/vc_column][vc_column width=&#8221;1\/4&#8243;][vc_single_image image=&#8221;3833&#8243; img_size=&#8221;width:400px; height:300px;&#8221; alignment=&#8221;center&#8221;][\/vc_column][vc_column width=&#8221;1\/4&#8243;][vc_single_image image=&#8221;2227&#8243; img_size=&#8221;width:400px; height:300px;&#8221; alignment=&#8221;center&#8221;][\/vc_column][\/vc_row][vc_row][vc_column][\/vc_column][\/vc_row]\n","protected":false},"excerpt":{"rendered":"<p>[vc_row][vc_column][\/vc_column][\/vc_row][vc_row][vc_column][vc_message color=&#8221;info&#8221;] Participantes com licen\u00e7a de Foreing &#8211; Jockey Club Espanhol &#8211;&nbsp; Click aqui para abrir documento [\/vc_message][vc_column_text] Leia A Liga Portuguesa de Trote e Galope e o Studbook do PSI da Associa\u00e7\u00e3o Portuguesa de Criadores de Ra\u00e7as Selectas regem-se por acordos Nacionais e Internacionais das entidades EMHF, IFHAR, IFHA, ISBC e EASBC no qual os s\u00f3cios, propriet\u00e1rios que tenham [&hellip;] <a class=\"continue-reading h6 color-primary\" href=\"https:\/\/www.ligacavaloscorrida.pt\/\"><i class=\"fa fa-fw fa-angle-double-right \"><\/i>Continue Reading<\/a><\/p>\n","protected":false},"author":1,"featured_media":0,"parent":0,"menu_order":0,"comment_status":"closed","ping_status":"closed","template":"","meta":{"footnotes":""},"class_list":["post-1928","page","type-page","status-publish","hentry"],"_links":{"self":[{"href":"https:\/\/www.ligacavaloscorrida.pt\/index.php?rest_route=\/wp\/v2\/pages\/1928","targetHints":{"allow":["GET"]}}],"collection":[{"href":"https:\/\/www.ligacavaloscorrida.pt\/index.php?rest_route=\/wp\/v2\/pages"}],"about":[{"href":"https:\/\/www.ligacavaloscorrida.pt\/index.php?rest_route=\/wp\/v2\/types\/page"}],"author":[{"embeddable":true,"href":"https:\/\/www.ligacavaloscorrida.pt\/index.php?rest_route=\/wp\/v2\/users\/1"}],"replies":[{"embeddable":true,"href":"https:\/\/www.ligacavaloscorrida.pt\/index.php?rest_route=%2Fwp%2Fv2%2Fcomments&post=1928"}],"version-history":[{"count":265,"href":"https:\/\/www.ligacavaloscorrida.pt\/index.php?rest_route=\/wp\/v2\/pages\/1928\/revisions"}],"predecessor-version":[{"id":4481,"href":"https:\/\/www.ligacavaloscorrida.pt\/index.php?rest_route=\/wp\/v2\/pages\/1928\/revisions\/4481"}],"wp:attachment":[{"href":"https:\/\/www.ligacavaloscorrida.pt\/index.php?rest_route=%2Fwp%2Fv2%2Fmedia&parent=1928"}],"curies":[{"name":"wp","href":"https:\/\/api.w.org\/{rel}","templated":true}]}}